{"id":74,"date":"2025-12-05T13:42:07","date_gmt":"2025-12-05T13:42:07","guid":{"rendered":"http:\/\/pokesdecriee.com\/?page_id=74"},"modified":"2025-12-08T11:08:01","modified_gmt":"2025-12-08T11:08:01","slug":"qui-sont-les-pokes","status":"publish","type":"page","link":"https:\/\/pokesdecriee.com\/index.php\/qui-sont-les-pokes\/","title":{"rendered":"Qui sont les Pokes de Cri\u00e9e ?"},"content":{"rendered":"\t\t<div data-elementor-type=\"wp-page\" data-elementor-id=\"74\" class=\"elementor elementor-74\">\n\t\t\t\t<div class=\"elementor-element elementor-element-4174691 e-flex e-con-boxed e-con e-parent\" data-id=\"4174691\" data-element_type=\"container\">\n\t\t\t\t\t<div class=\"e-con-inner\">\n\t\t\t\t<div class=\"elementor-element elementor-element-4a5647c elementor-widget elementor-widget-image\" data-id=\"4a5647c\" data-element_type=\"widget\" data-widget_type=\"image.default\">\n\t\t\t\t\t\t\t\t\t\t\t\t\t\t\t<img fetchpriority=\"high\" decoding=\"async\" width=\"580\" height=\"387\" src=\"https:\/\/pokesdecriee.com\/wp-content\/uploads\/2025\/12\/01-1024x683.jpg\" class=\"attachment-large size-large wp-image-24\" alt=\"Pokes de Cri\u00e9e\" srcset=\"https:\/\/pokesdecriee.com\/wp-content\/uploads\/2025\/12\/01-1024x683.jpg 1024w, https:\/\/pokesdecriee.com\/wp-content\/uploads\/2025\/12\/01-300x200.jpg 300w, https:\/\/pokesdecriee.com\/wp-content\/uploads\/2025\/12\/01-768x512.jpg 768w, https:\/\/pokesdecriee.com\/wp-content\/uploads\/2025\/12\/01-1536x1024.jpg 1536w, https:\/\/pokesdecriee.com\/wp-content\/uploads\/2025\/12\/01-2048x1365.jpg 2048w, https:\/\/pokesdecriee.com\/wp-content\/uploads\/2025\/12\/01-920x613.jpg 920w, https:\/\/pokesdecriee.com\/wp-content\/uploads\/2025\/12\/01-666x444.jpg 666w\" sizes=\"(max-width: 580px) 100vw, 580px\" \/>\t\t\t\t\t\t\t\t\t\t\t\t\t\t\t<\/div>\n\t\t\t\t\t<\/div>\n\t\t\t\t<\/div>\n\t\t<div class=\"elementor-element elementor-element-b5fbb2f e-flex e-con-boxed e-con e-parent\" data-id=\"b5fbb2f\" data-element_type=\"container\">\n\t\t\t\t\t<div class=\"e-con-inner\">\n\t\t\t\t<div class=\"elementor-element elementor-element-88a9727 elementor-widget elementor-widget-text-editor\" data-id=\"88a9727\" data-element_type=\"widget\" data-widget_type=\"text-editor.default\">\n\t\t\t\t\t\t\t\t\t<p>Authentique groupe musical du <strong>Pays Bigouden<\/strong> (pointe sud du Finist\u00e8re), les <strong>Pokes de Cri\u00e9e<\/strong> (prononcer Pokess) ce sont <strong>six chanteurs<\/strong> (Fabio, Jean Flok, Grand Yann, Jakez, Fatch et Ton Ron) et <strong>un percutant trio<\/strong> guitare\/basse\/batterie (Phil, Pier \u00ab\u00a0Drolix\u00a0\u00bb et Larns).<\/p><p>Cr\u00e9e en 1998, le groupe compose une musique et des textes originaux, bigarr\u00e9\u00b7e\u00b7s et inclassables, quelque part entre Les Fr\u00e8res Jacques et Sex Pistols.<\/p><p>Les Pokes ont sorti <a href=\"https:\/\/pokesdecriee.com\/index.php\/discographie\/\">quatre albums<\/a> :<\/p><ul><li>Toul du cru (1998)<\/li><li>Pokes de Cri\u00e9e (2000)<\/li><li>Pop agri live (2003)<\/li><li><a href=\"https:\/\/pokesdecriee.com\/index.php\/amzer-zo-nouvel-album\/\">Amzer zo<\/a> (2025)<\/li><\/ul>\t\t\t\t\t\t\t\t<\/div>\n\t\t\t\t\t<\/div>\n\t\t\t\t<\/div>\n\t\t<div class=\"elementor-element elementor-element-894cd0a e-flex e-con-boxed e-con e-parent\" data-id=\"894cd0a\" data-element_type=\"container\">\n\t\t\t\t\t<div class=\"e-con-inner\">\n\t\t\t\t<div class=\"elementor-element elementor-element-0b07454 elementor-widget elementor-widget-video\" data-id=\"0b07454\" data-element_type=\"widget\" data-settings=\"{&quot;video_type&quot;:&quot;vimeo&quot;}\" data-widget_type=\"video.default\">\n\t\t\t\t\t\t\t<div class=\"elementor-wrapper elementor-open-inline\">\n\t\t\t<iframe class=\"elementor-video-iframe\" allowfullscreen allow=\"clipboard-write\" title=\"Lecteur vid\u00e9o vimeo\" src=\"https:\/\/player.vimeo.com\/video\/1082949964?color&amp;autopause=0&amp;loop=0&amp;muted=0&amp;title=1&amp;portrait=1&amp;byline=1#t=\"><\/iframe>\t\t<\/div>\n\t\t\t\t\t\t<\/div>\n\t\t\t\t\t<\/div>\n\t\t\t\t<\/div>\n\t\t<div class=\"elementor-element elementor-element-127f29b e-flex e-con-boxed e-con e-parent\" data-id=\"127f29b\" data-element_type=\"container\">\n\t\t\t\t\t<div class=\"e-con-inner\">\n\t\t\t\t<div class=\"elementor-element elementor-element-a9623f9 elementor-widget elementor-widget-video\" data-id=\"a9623f9\" data-element_type=\"widget\" data-settings=\"{&quot;youtube_url&quot;:&quot;https:\\\/\\\/youtu.be\\\/LJWsIf-R6oU?si=Z2i-qsBqyIPQMiQI&quot;,&quot;video_type&quot;:&quot;youtube&quot;,&quot;controls&quot;:&quot;yes&quot;}\" data-widget_type=\"video.default\">\n\t\t\t\t\t\t\t<div class=\"elementor-wrapper elementor-open-inline\">\n\t\t\t<div class=\"elementor-video\"><\/div>\t\t<\/div>\n\t\t\t\t\t\t<\/div>\n\t\t\t\t\t<\/div>\n\t\t\t\t<\/div>\n\t\t<div class=\"elementor-element elementor-element-a2bc799 e-flex e-con-boxed e-con e-parent\" data-id=\"a2bc799\" data-element_type=\"container\">\n\t\t\t\t\t<div class=\"e-con-inner\">\n\t\t\t\t<div class=\"elementor-element elementor-element-27ab0cc elementor-widget elementor-widget-image\" data-id=\"27ab0cc\" data-element_type=\"widget\" data-widget_type=\"image.default\">\n\t\t\t\t\t\t\t\t\t\t\t\t\t\t\t<img decoding=\"async\" width=\"580\" height=\"435\" src=\"https:\/\/pokesdecriee.com\/wp-content\/uploads\/2025\/12\/PokesdeCriee008-1024x768.jpg\" class=\"attachment-large size-large wp-image-221\" alt=\"Les Pokes de Cri\u00e9e \u00e0 Larvor\" srcset=\"https:\/\/pokesdecriee.com\/wp-content\/uploads\/2025\/12\/PokesdeCriee008-1024x768.jpg 1024w, https:\/\/pokesdecriee.com\/wp-content\/uploads\/2025\/12\/PokesdeCriee008-300x225.jpg 300w, https:\/\/pokesdecriee.com\/wp-content\/uploads\/2025\/12\/PokesdeCriee008-768x576.jpg 768w, https:\/\/pokesdecriee.com\/wp-content\/uploads\/2025\/12\/PokesdeCriee008-1536x1152.jpg 1536w, https:\/\/pokesdecriee.com\/wp-content\/uploads\/2025\/12\/PokesdeCriee008-1200x900.jpg 1200w, https:\/\/pokesdecriee.com\/wp-content\/uploads\/2025\/12\/PokesdeCriee008-1980x1485.jpg 1980w, https:\/\/pokesdecriee.com\/wp-content\/uploads\/2025\/12\/PokesdeCriee008.jpg 2000w\" sizes=\"(max-width: 580px) 100vw, 580px\" \/>\t\t\t\t\t\t\t\t\t\t\t\t\t\t\t<\/div>\n\t\t\t\t\t<\/div>\n\t\t\t\t<\/div>\n\t\t\t\t<\/div>\n\t\t","protected":false},"excerpt":{"rendered":"<p>Authentique groupe musical du Pays Bigouden (pointe sud du Finist\u00e8re), les Pokes de Cri\u00e9e (prononcer Pokess) ce sont six chanteurs (Fabio, Jean Flok, Grand Yann, Jakez, Fatch et Ton Ron) et un percutant trio guitare\/basse\/batterie (Phil, Pier \u00ab\u00a0Drolix\u00a0\u00bb et Larns). Cr\u00e9e en 1998, le groupe compose une musique et des textes originaux, bigarr\u00e9\u00b7e\u00b7s et inclassables, [&hellip;]<\/p>\n","protected":false},"author":1,"featured_media":0,"parent":0,"menu_order":0,"comment_status":"closed","ping_status":"closed","template":"","meta":{"footnotes":""},"class_list":["post-74","page","type-page","status-publish","hentry"],"yoast_head":"<!-- This site is optimized with the Yoast SEO plugin v26.5 - https:\/\/yoast.com\/wordpress\/plugins\/seo\/ -->\n<title>Qui sont les Pokes de Cri\u00e9e ? - Pokes de Cri\u00e9e<\/title>\n<meta name=\"robots\" content=\"index, follow, max-snippet:-1, max-image-preview:large, max-video-preview:-1\" \/>\n<link rel=\"canonical\" href=\"https:\/\/pokesdecriee.com\/index.php\/qui-sont-les-pokes\/\" \/>\n<meta property=\"og:locale\" content=\"fr_FR\" \/>\n<meta property=\"og:type\" content=\"article\" \/>\n<meta property=\"og:title\" content=\"Qui sont les Pokes de Cri\u00e9e ? - Pokes de Cri\u00e9e\" \/>\n<meta property=\"og:description\" content=\"Authentique groupe musical du Pays Bigouden (pointe sud du Finist\u00e8re), les Pokes de Cri\u00e9e (prononcer Pokess) ce sont six chanteurs (Fabio, Jean Flok, Grand Yann, Jakez, Fatch et Ton Ron) et un percutant trio guitare\/basse\/batterie (Phil, Pier \u00ab\u00a0Drolix\u00a0\u00bb et Larns). Cr\u00e9e en 1998, le groupe compose une musique et des textes originaux, bigarr\u00e9\u00b7e\u00b7s et inclassables, [&hellip;]\" \/>\n<meta property=\"og:url\" content=\"https:\/\/pokesdecriee.com\/index.php\/qui-sont-les-pokes\/\" \/>\n<meta property=\"og:site_name\" content=\"Pokes de Cri\u00e9e\" \/>\n<meta property=\"article:publisher\" content=\"https:\/\/www.facebook.com\/people\/POKES-DE-CRIEE\/100046184357962\/\" \/>\n<meta property=\"article:modified_time\" content=\"2025-12-08T11:08:01+00:00\" \/>\n<meta property=\"og:image\" content=\"https:\/\/pokesdecriee.com\/wp-content\/uploads\/2025\/12\/01-scaled.jpg\" \/>\n\t<meta property=\"og:image:width\" content=\"2560\" \/>\n\t<meta property=\"og:image:height\" content=\"1707\" \/>\n\t<meta property=\"og:image:type\" content=\"image\/jpeg\" \/>\n<meta name=\"twitter:card\" content=\"summary_large_image\" \/>\n<meta name=\"twitter:label1\" content=\"Dur\u00e9e de lecture estim\u00e9e\" \/>\n\t<meta name=\"twitter:data1\" content=\"1 minute\" \/>\n<script type=\"application\/ld+json\" class=\"yoast-schema-graph\">{\"@context\":\"https:\/\/schema.org\",\"@graph\":[{\"@type\":\"WebPage\",\"@id\":\"https:\/\/pokesdecriee.com\/index.php\/qui-sont-les-pokes\/\",\"url\":\"https:\/\/pokesdecriee.com\/index.php\/qui-sont-les-pokes\/\",\"name\":\"Qui sont les Pokes de Cri\u00e9e ? - Pokes de Cri\u00e9e\",\"isPartOf\":{\"@id\":\"https:\/\/pokesdecriee.com\/#website\"},\"primaryImageOfPage\":{\"@id\":\"https:\/\/pokesdecriee.com\/index.php\/qui-sont-les-pokes\/#primaryimage\"},\"image\":{\"@id\":\"https:\/\/pokesdecriee.com\/index.php\/qui-sont-les-pokes\/#primaryimage\"},\"thumbnailUrl\":\"https:\/\/pokesdecriee.com\/wp-content\/uploads\/2025\/12\/01-1024x683.jpg\",\"datePublished\":\"2025-12-05T13:42:07+00:00\",\"dateModified\":\"2025-12-08T11:08:01+00:00\",\"breadcrumb\":{\"@id\":\"https:\/\/pokesdecriee.com\/index.php\/qui-sont-les-pokes\/#breadcrumb\"},\"inLanguage\":\"fr-FR\",\"potentialAction\":[{\"@type\":\"ReadAction\",\"target\":[\"https:\/\/pokesdecriee.com\/index.php\/qui-sont-les-pokes\/\"]}]},{\"@type\":\"ImageObject\",\"inLanguage\":\"fr-FR\",\"@id\":\"https:\/\/pokesdecriee.com\/index.php\/qui-sont-les-pokes\/#primaryimage\",\"url\":\"https:\/\/pokesdecriee.com\/wp-content\/uploads\/2025\/12\/01-scaled.jpg\",\"contentUrl\":\"https:\/\/pokesdecriee.com\/wp-content\/uploads\/2025\/12\/01-scaled.jpg\",\"width\":2560,\"height\":1707,\"caption\":\"Pokes de Cri\u00e9e\"},{\"@type\":\"BreadcrumbList\",\"@id\":\"https:\/\/pokesdecriee.com\/index.php\/qui-sont-les-pokes\/#breadcrumb\",\"itemListElement\":[{\"@type\":\"ListItem\",\"position\":1,\"name\":\"Accueil\",\"item\":\"https:\/\/pokesdecriee.com\/\"},{\"@type\":\"ListItem\",\"position\":2,\"name\":\"Qui sont les Pokes de Cri\u00e9e ?\"}]},{\"@type\":\"WebSite\",\"@id\":\"https:\/\/pokesdecriee.com\/#website\",\"url\":\"https:\/\/pokesdecriee.com\/\",\"name\":\"Pokes de Cri\u00e9e\",\"description\":\"\",\"publisher\":{\"@id\":\"https:\/\/pokesdecriee.com\/#organization\"},\"potentialAction\":[{\"@type\":\"SearchAction\",\"target\":{\"@type\":\"EntryPoint\",\"urlTemplate\":\"https:\/\/pokesdecriee.com\/?s={search_term_string}\"},\"query-input\":{\"@type\":\"PropertyValueSpecification\",\"valueRequired\":true,\"valueName\":\"search_term_string\"}}],\"inLanguage\":\"fr-FR\"},{\"@type\":\"Organization\",\"@id\":\"https:\/\/pokesdecriee.com\/#organization\",\"name\":\"Pokes de Cri\u00e9e\",\"url\":\"https:\/\/pokesdecriee.com\/\",\"logo\":{\"@type\":\"ImageObject\",\"inLanguage\":\"fr-FR\",\"@id\":\"https:\/\/pokesdecriee.com\/#\/schema\/logo\/image\/\",\"url\":\"https:\/\/pokesdecriee.com\/wp-content\/uploads\/2025\/12\/cropped-Fishpokes-Ying-Yang2024.jpg\",\"contentUrl\":\"https:\/\/pokesdecriee.com\/wp-content\/uploads\/2025\/12\/cropped-Fishpokes-Ying-Yang2024.jpg\",\"width\":512,\"height\":512,\"caption\":\"Pokes de Cri\u00e9e\"},\"image\":{\"@id\":\"https:\/\/pokesdecriee.com\/#\/schema\/logo\/image\/\"},\"sameAs\":[\"https:\/\/www.facebook.com\/people\/POKES-DE-CRIEE\/100046184357962\/\"]}]}<\/script>\n<!-- \/ Yoast SEO plugin. -->","yoast_head_json":{"title":"Qui sont les Pokes de Cri\u00e9e ? - Pokes de Cri\u00e9e","robots":{"index":"index","follow":"follow","max-snippet":"max-snippet:-1","max-image-preview":"max-image-preview:large","max-video-preview":"max-video-preview:-1"},"canonical":"https:\/\/pokesdecriee.com\/index.php\/qui-sont-les-pokes\/","og_locale":"fr_FR","og_type":"article","og_title":"Qui sont les Pokes de Cri\u00e9e ? - Pokes de Cri\u00e9e","og_description":"Authentique groupe musical du Pays Bigouden (pointe sud du Finist\u00e8re), les Pokes de Cri\u00e9e (prononcer Pokess) ce sont six chanteurs (Fabio, Jean Flok, Grand Yann, Jakez, Fatch et Ton Ron) et un percutant trio guitare\/basse\/batterie (Phil, Pier \u00ab\u00a0Drolix\u00a0\u00bb et Larns). Cr\u00e9e en 1998, le groupe compose une musique et des textes originaux, bigarr\u00e9\u00b7e\u00b7s et inclassables, [&hellip;]","og_url":"https:\/\/pokesdecriee.com\/index.php\/qui-sont-les-pokes\/","og_site_name":"Pokes de Cri\u00e9e","article_publisher":"https:\/\/www.facebook.com\/people\/POKES-DE-CRIEE\/100046184357962\/","article_modified_time":"2025-12-08T11:08:01+00:00","og_image":[{"width":2560,"height":1707,"url":"https:\/\/pokesdecriee.com\/wp-content\/uploads\/2025\/12\/01-scaled.jpg","type":"image\/jpeg"}],"twitter_card":"summary_large_image","twitter_misc":{"Dur\u00e9e de lecture estim\u00e9e":"1 minute"},"schema":{"@context":"https:\/\/schema.org","@graph":[{"@type":"WebPage","@id":"https:\/\/pokesdecriee.com\/index.php\/qui-sont-les-pokes\/","url":"https:\/\/pokesdecriee.com\/index.php\/qui-sont-les-pokes\/","name":"Qui sont les Pokes de Cri\u00e9e ? - Pokes de Cri\u00e9e","isPartOf":{"@id":"https:\/\/pokesdecriee.com\/#website"},"primaryImageOfPage":{"@id":"https:\/\/pokesdecriee.com\/index.php\/qui-sont-les-pokes\/#primaryimage"},"image":{"@id":"https:\/\/pokesdecriee.com\/index.php\/qui-sont-les-pokes\/#primaryimage"},"thumbnailUrl":"https:\/\/pokesdecriee.com\/wp-content\/uploads\/2025\/12\/01-1024x683.jpg","datePublished":"2025-12-05T13:42:07+00:00","dateModified":"2025-12-08T11:08:01+00:00","breadcrumb":{"@id":"https:\/\/pokesdecriee.com\/index.php\/qui-sont-les-pokes\/#breadcrumb"},"inLanguage":"fr-FR","potentialAction":[{"@type":"ReadAction","target":["https:\/\/pokesdecriee.com\/index.php\/qui-sont-les-pokes\/"]}]},{"@type":"ImageObject","inLanguage":"fr-FR","@id":"https:\/\/pokesdecriee.com\/index.php\/qui-sont-les-pokes\/#primaryimage","url":"https:\/\/pokesdecriee.com\/wp-content\/uploads\/2025\/12\/01-scaled.jpg","contentUrl":"https:\/\/pokesdecriee.com\/wp-content\/uploads\/2025\/12\/01-scaled.jpg","width":2560,"height":1707,"caption":"Pokes de Cri\u00e9e"},{"@type":"BreadcrumbList","@id":"https:\/\/pokesdecriee.com\/index.php\/qui-sont-les-pokes\/#breadcrumb","itemListElement":[{"@type":"ListItem","position":1,"name":"Accueil","item":"https:\/\/pokesdecriee.com\/"},{"@type":"ListItem","position":2,"name":"Qui sont les Pokes de Cri\u00e9e ?"}]},{"@type":"WebSite","@id":"https:\/\/pokesdecriee.com\/#website","url":"https:\/\/pokesdecriee.com\/","name":"Pokes de Cri\u00e9e","description":"","publisher":{"@id":"https:\/\/pokesdecriee.com\/#organization"},"potentialAction":[{"@type":"SearchAction","target":{"@type":"EntryPoint","urlTemplate":"https:\/\/pokesdecriee.com\/?s={search_term_string}"},"query-input":{"@type":"PropertyValueSpecification","valueRequired":true,"valueName":"search_term_string"}}],"inLanguage":"fr-FR"},{"@type":"Organization","@id":"https:\/\/pokesdecriee.com\/#organization","name":"Pokes de Cri\u00e9e","url":"https:\/\/pokesdecriee.com\/","logo":{"@type":"ImageObject","inLanguage":"fr-FR","@id":"https:\/\/pokesdecriee.com\/#\/schema\/logo\/image\/","url":"https:\/\/pokesdecriee.com\/wp-content\/uploads\/2025\/12\/cropped-Fishpokes-Ying-Yang2024.jpg","contentUrl":"https:\/\/pokesdecriee.com\/wp-content\/uploads\/2025\/12\/cropped-Fishpokes-Ying-Yang2024.jpg","width":512,"height":512,"caption":"Pokes de Cri\u00e9e"},"image":{"@id":"https:\/\/pokesdecriee.com\/#\/schema\/logo\/image\/"},"sameAs":["https:\/\/www.facebook.com\/people\/POKES-DE-CRIEE\/100046184357962\/"]}]}},"_links":{"self":[{"href":"https:\/\/pokesdecriee.com\/index.php\/wp-json\/wp\/v2\/pages\/74","targetHints":{"allow":["GET"]}}],"collection":[{"href":"https:\/\/pokesdecriee.com\/index.php\/wp-json\/wp\/v2\/pages"}],"about":[{"href":"https:\/\/pokesdecriee.com\/index.php\/wp-json\/wp\/v2\/types\/page"}],"author":[{"embeddable":true,"href":"https:\/\/pokesdecriee.com\/index.php\/wp-json\/wp\/v2\/users\/1"}],"replies":[{"embeddable":true,"href":"https:\/\/pokesdecriee.com\/index.php\/wp-json\/wp\/v2\/comments?post=74"}],"version-history":[{"count":32,"href":"https:\/\/pokesdecriee.com\/index.php\/wp-json\/wp\/v2\/pages\/74\/revisions"}],"predecessor-version":[{"id":257,"href":"https:\/\/pokesdecriee.com\/index.php\/wp-json\/wp\/v2\/pages\/74\/revisions\/257"}],"wp:attachment":[{"href":"https:\/\/pokesdecriee.com\/index.php\/wp-json\/wp\/v2\/media?parent=74"}],"curies":[{"name":"wp","href":"https:\/\/api.w.org\/{rel}","templated":true}]}}