{"id":2,"date":"2025-10-16T20:55:41","date_gmt":"2025-10-16T20:55:41","guid":{"rendered":"http:\/\/pokesdj.cluster029.hosting.ovh.net\/?page_id=2"},"modified":"2025-12-17T07:16:28","modified_gmt":"2025-12-17T07:16:28","slug":"sample-page","status":"publish","type":"page","link":"https:\/\/pokesdecriee.com\/","title":{"rendered":"Concert des Pokes de Cri\u00e9e le 21\/12\/2025"},"content":{"rendered":"\t\t<div data-elementor-type=\"wp-page\" data-elementor-id=\"2\" class=\"elementor elementor-2\">\n\t\t\t\t<div class=\"elementor-element elementor-element-cddb25a e-flex e-con-boxed e-con e-parent\" data-id=\"cddb25a\" data-element_type=\"container\">\n\t\t\t\t\t<div class=\"e-con-inner\">\n\t\t\t\t\t<\/div>\n\t\t\t\t<\/div>\n\t\t<div class=\"elementor-element elementor-element-96fceab e-flex e-con-boxed e-con e-parent\" data-id=\"96fceab\" data-element_type=\"container\">\n\t\t\t\t\t<div class=\"e-con-inner\">\n\t\t<div class=\"elementor-element elementor-element-1c5140e e-con-full e-flex e-con e-child\" data-id=\"1c5140e\" data-element_type=\"container\">\n\t\t\t\t<div class=\"elementor-element elementor-element-b785578 elementor-widget elementor-widget-image\" data-id=\"b785578\" data-element_type=\"widget\" data-widget_type=\"image.default\">\n\t\t\t\t\t\t\t\t\t\t\t\t\t\t\t<img fetchpriority=\"high\" decoding=\"async\" width=\"580\" height=\"580\" src=\"https:\/\/pokesdecriee.com\/wp-content\/uploads\/2025\/12\/PokesdeCrieeAmzerZopochette-1024x1024.jpg\" class=\"attachment-large size-large wp-image-37\" alt=\"Album Amzer zo des Pokes des Cri\u00e9e\" srcset=\"https:\/\/pokesdecriee.com\/wp-content\/uploads\/2025\/12\/PokesdeCrieeAmzerZopochette-1024x1024.jpg 1024w, https:\/\/pokesdecriee.com\/wp-content\/uploads\/2025\/12\/PokesdeCrieeAmzerZopochette-300x300.jpg 300w, https:\/\/pokesdecriee.com\/wp-content\/uploads\/2025\/12\/PokesdeCrieeAmzerZopochette-150x150.jpg 150w, https:\/\/pokesdecriee.com\/wp-content\/uploads\/2025\/12\/PokesdeCrieeAmzerZopochette-768x768.jpg 768w, https:\/\/pokesdecriee.com\/wp-content\/uploads\/2025\/12\/PokesdeCrieeAmzerZopochette-1536x1536.jpg 1536w, https:\/\/pokesdecriee.com\/wp-content\/uploads\/2025\/12\/PokesdeCrieeAmzerZopochette-2048x2048.jpg 2048w, https:\/\/pokesdecriee.com\/wp-content\/uploads\/2025\/12\/PokesdeCrieeAmzerZopochette-666x666.jpg 666w, https:\/\/pokesdecriee.com\/wp-content\/uploads\/2025\/12\/PokesdeCrieeAmzerZopochette-96x96.jpg 96w\" sizes=\"(max-width: 580px) 100vw, 580px\" \/>\t\t\t\t\t\t\t\t\t\t\t\t\t\t\t<\/div>\n\t\t\t\t<\/div>\n\t\t<div class=\"elementor-element elementor-element-22a0e3a e-con-full e-flex e-con e-child\" data-id=\"22a0e3a\" data-element_type=\"container\">\n\t\t\t\t<div class=\"elementor-element elementor-element-28ad281 elementor-widget elementor-widget-text-editor\" data-id=\"28ad281\" data-element_type=\"widget\" data-widget_type=\"text-editor.default\">\n\t\t\t\t\t\t\t\t\t<p><a href=\"https:\/\/pokesdecriee.com\/index.php\/amzer-zo-nouvel-album\/\"><strong>Amzer Zo<\/strong><\/a>, le nouvel album des <strong>Pokes de Cri\u00e9e<\/strong>, sera f\u00eat\u00e9 en public le dimanche 21 d\u00e9cembre 2025 \u00e0 la salle de l&rsquo;amicale la\u00efque \u00e0 <strong>Lesconil <\/strong>(2, rue du Port), rendez-vous <strong>\u00e0 18 h<\/strong> !<\/p><p><strong>Jauge limit\u00e9e \u00e0 350 personnes<\/strong>. Entr\u00e9e 5 \u20ac.<\/p><p><em>Merci \u00e0 la <a href=\"https:\/\/www.plobannalec-lesconil.bzh\/\" target=\"_blank\" rel=\"noopener\">ville de Plobannalec-Lesconil<\/a> pour son soutien et \u00e0 l&rsquo;amicale la\u00efque.<\/em><\/p>\t\t\t\t\t\t\t\t<\/div>\n\t\t\t\t<\/div>\n\t\t\t\t\t<\/div>\n\t\t\t\t<\/div>\n\t\t<div class=\"elementor-element elementor-element-12a30a8 e-flex e-con-boxed e-con e-parent\" data-id=\"12a30a8\" data-element_type=\"container\">\n\t\t\t\t\t<div class=\"e-con-inner\">\n\t\t\t\t<div class=\"elementor-element elementor-element-fb146d4 elementor-widget elementor-widget-video\" data-id=\"fb146d4\" data-element_type=\"widget\" data-settings=\"{&quot;youtube_url&quot;:&quot;https:\\\/\\\/www.youtube.com\\\/shorts\\\/4TkSMJboMKA&quot;,&quot;video_type&quot;:&quot;youtube&quot;,&quot;controls&quot;:&quot;yes&quot;}\" data-widget_type=\"video.default\">\n\t\t\t\t\t\t\t<div class=\"elementor-wrapper elementor-open-inline\">\n\t\t\t<div class=\"elementor-video\"><\/div>\t\t<\/div>\n\t\t\t\t\t\t<\/div>\n\t\t\t\t\t<\/div>\n\t\t\t\t<\/div>\n\t\t<div class=\"elementor-element elementor-element-c7917fd e-flex e-con-boxed e-con e-parent\" data-id=\"c7917fd\" data-element_type=\"container\">\n\t\t\t\t\t<div class=\"e-con-inner\">\n\t\t\t\t<div class=\"elementor-element elementor-element-03fa330 elementor-widget elementor-widget-image\" data-id=\"03fa330\" data-element_type=\"widget\" data-widget_type=\"image.default\">\n\t\t\t\t\t\t\t\t\t\t\t\t\t\t\t<img decoding=\"async\" width=\"580\" height=\"387\" src=\"https:\/\/pokesdecriee.com\/wp-content\/uploads\/2025\/12\/006-1024x683.jpg\" class=\"attachment-large size-large wp-image-156\" alt=\"Les Pokes de Cri\u00e9e en concert \u00e0 Lesconil\" srcset=\"https:\/\/pokesdecriee.com\/wp-content\/uploads\/2025\/12\/006-1024x683.jpg 1024w, https:\/\/pokesdecriee.com\/wp-content\/uploads\/2025\/12\/006-300x200.jpg 300w, https:\/\/pokesdecriee.com\/wp-content\/uploads\/2025\/12\/006-768x512.jpg 768w, https:\/\/pokesdecriee.com\/wp-content\/uploads\/2025\/12\/006.jpg 1200w\" sizes=\"(max-width: 580px) 100vw, 580px\" \/>\t\t\t\t\t\t\t\t\t\t\t\t\t\t\t<\/div>\n\t\t\t\t\t<\/div>\n\t\t\t\t<\/div>\n\t\t<div class=\"elementor-element elementor-element-9fabec2 e-flex e-con-boxed e-con e-parent\" data-id=\"9fabec2\" data-element_type=\"container\">\n\t\t\t\t\t<div class=\"e-con-inner\">\n\t\t\t\t<div class=\"elementor-element elementor-element-8cfb4e7 elementor-widget elementor-widget-image\" data-id=\"8cfb4e7\" data-element_type=\"widget\" data-widget_type=\"image.default\">\n\t\t\t\t\t\t\t\t\t\t\t\t\t\t\t<img decoding=\"async\" width=\"580\" height=\"387\" src=\"https:\/\/pokesdecriee.com\/wp-content\/uploads\/2025\/12\/002-1024x683.jpg\" class=\"attachment-large size-large wp-image-153\" alt=\"Les Pokes de Cri\u00e9e en concert \u00e0 Lesconil\" srcset=\"https:\/\/pokesdecriee.com\/wp-content\/uploads\/2025\/12\/002-1024x683.jpg 1024w, https:\/\/pokesdecriee.com\/wp-content\/uploads\/2025\/12\/002-300x200.jpg 300w, https:\/\/pokesdecriee.com\/wp-content\/uploads\/2025\/12\/002-768x512.jpg 768w, https:\/\/pokesdecriee.com\/wp-content\/uploads\/2025\/12\/002.jpg 1200w\" sizes=\"(max-width: 580px) 100vw, 580px\" \/>\t\t\t\t\t\t\t\t\t\t\t\t\t\t\t<\/div>\n\t\t\t\t\t<\/div>\n\t\t\t\t<\/div>\n\t\t<div class=\"elementor-element elementor-element-d79d8dc e-flex e-con-boxed e-con e-parent\" data-id=\"d79d8dc\" data-element_type=\"container\">\n\t\t\t\t\t<div class=\"e-con-inner\">\n\t\t\t\t<div class=\"elementor-element elementor-element-fde933e elementor-widget elementor-widget-text-editor\" data-id=\"fde933e\" data-element_type=\"widget\" data-widget_type=\"text-editor.default\">\n\t\t\t\t\t\t\t\t\t<p><strong>\u00c0 lire dans la presse<\/strong><\/p><ul><li><a href=\"https:\/\/www.letelegramme.fr\/finistere\/plobannalec-lesconil-29740\/tout-le-monde-est-vivant-les-pokes-de-criee-annoncent-leur-retour-avec-amzer-zo-et-un-concert-le-21-decembre-a-plobannalec-lesconil-6942267.php\" target=\"_blank\" rel=\"noopener\">\u00ab Tout le monde est vivant \u00bb : les Pokes de cri\u00e9e annoncent leur retour avec \u00ab Amzer Zo \u00bb et un concert le 21 d\u00e9cembre \u00e0 Plobannalec-Lesconil<\/a> (Le T\u00e9l\u00e9gramme &#8211; 6 d\u00e9cembre 2025)<div>\u00a0<\/div><\/li><li>\u00ab <a href=\"https:\/\/www.ouest-france.fr\/bretagne\/plobannalec-lesconil-29740\/nous-esperons-bien-remettre-la-machine-en-route-les-pokes-de-criee-reviennent-pour-un-concert-le-21-decembre-ebf0a362-d415-11f0-bf7c-eb0c437cb865\" target=\"_blank\" rel=\"noopener\">Nous esp\u00e9rons bien remettre la machine en route \u00bb : les Pok\u00e8s de cri\u00e9e reviennent pour un concert le 21 d\u00e9cembre<\/a> (Ouest-France &#8211; 9 d\u00e9cembre 2025)<\/li><\/ul>\t\t\t\t\t\t\t\t<\/div>\n\t\t\t\t\t<\/div>\n\t\t\t\t<\/div>\n\t\t<div class=\"elementor-element elementor-element-bb9bb07 e-flex e-con-boxed e-con e-parent\" data-id=\"bb9bb07\" data-element_type=\"container\">\n\t\t\t\t\t<div class=\"e-con-inner\">\n\t\t\t\t<div class=\"elementor-element elementor-element-a22fe76 elementor-view-default elementor-widget elementor-widget-icon\" data-id=\"a22fe76\" data-element_type=\"widget\" data-widget_type=\"icon.default\">\n\t\t\t\t\t\t\t<div class=\"elementor-icon-wrapper\">\n\t\t\t<a class=\"elementor-icon\" href=\"https:\/\/www.facebook.com\/p\/POKES-DE-CRIEE-100046184357962\" target=\"_blank\">\n\t\t\t<svg aria-hidden=\"true\" class=\"e-font-icon-svg e-fab-facebook\" viewBox=\"0 0 512 512\" xmlns=\"http:\/\/www.w3.org\/2000\/svg\"><path d=\"M504 256C504 119 393 8 256 8S8 119 8 256c0 123.78 90.69 226.38 209.25 245V327.69h-63V256h63v-54.64c0-62.15 37-96.48 93.67-96.48 27.14 0 55.52 4.84 55.52 4.84v61h-31.28c-30.8 0-40.41 19.12-40.41 38.73V256h68.78l-11 71.69h-57.78V501C413.31 482.38 504 379.78 504 256z\"><\/path><\/svg>\t\t\t<\/a>\n\t\t<\/div>\n\t\t\t\t\t\t<\/div>\n\t\t\t\t\t<\/div>\n\t\t\t\t<\/div>\n\t\t\t\t<\/div>\n\t\t","protected":false},"excerpt":{"rendered":"<p>Amzer Zo, le nouvel album des Pokes de Cri\u00e9e, sera f\u00eat\u00e9 en public le dimanche 21 d\u00e9cembre 2025 \u00e0 la salle de l&rsquo;amicale la\u00efque \u00e0 Lesconil (2, rue du Port), rendez-vous \u00e0 18 h ! Jauge limit\u00e9e \u00e0 350 personnes. Entr\u00e9e 5 \u20ac. Merci \u00e0 la ville de Plobannalec-Lesconil pour son soutien et \u00e0 l&rsquo;amicale [&hellip;]<\/p>\n","protected":false},"author":1,"featured_media":0,"parent":0,"menu_order":0,"comment_status":"closed","ping_status":"closed","template":"","meta":{"footnotes":""},"class_list":["post-2","page","type-page","status-publish","hentry"],"yoast_head":"<!-- This site is optimized with the Yoast SEO plugin v26.5 - https:\/\/yoast.com\/wordpress\/plugins\/seo\/ -->\n<title>Concert des Pokes de Cri\u00e9e le 21\/12\/2025 - Pokes de Cri\u00e9e<\/title>\n<meta name=\"robots\" content=\"index, follow, max-snippet:-1, max-image-preview:large, max-video-preview:-1\" \/>\n<link rel=\"canonical\" href=\"https:\/\/pokesdecriee.com\/\" \/>\n<meta property=\"og:locale\" content=\"fr_FR\" \/>\n<meta property=\"og:type\" content=\"article\" \/>\n<meta property=\"og:title\" content=\"Concert des Pokes de Cri\u00e9e le 21\/12\/2025 - Pokes de Cri\u00e9e\" \/>\n<meta property=\"og:description\" content=\"Amzer Zo, le nouvel album des Pokes de Cri\u00e9e, sera f\u00eat\u00e9 en public le dimanche 21 d\u00e9cembre 2025 \u00e0 la salle de l&rsquo;amicale la\u00efque \u00e0 Lesconil (2, rue du Port), rendez-vous \u00e0 18 h ! Jauge limit\u00e9e \u00e0 350 personnes. Entr\u00e9e 5 \u20ac. Merci \u00e0 la ville de Plobannalec-Lesconil pour son soutien et \u00e0 l&rsquo;amicale [&hellip;]\" \/>\n<meta property=\"og:url\" content=\"https:\/\/pokesdecriee.com\/\" \/>\n<meta property=\"og:site_name\" content=\"Pokes de Cri\u00e9e\" \/>\n<meta property=\"article:publisher\" content=\"https:\/\/www.facebook.com\/people\/POKES-DE-CRIEE\/100046184357962\/\" \/>\n<meta property=\"article:modified_time\" content=\"2025-12-17T07:16:28+00:00\" \/>\n<meta property=\"og:image\" content=\"https:\/\/pokesdecriee.com\/wp-content\/uploads\/2025\/12\/PokesdeCrieeAmzerZopochette-1024x1024.jpg\" \/>\n\t<meta property=\"og:image:width\" content=\"1024\" \/>\n\t<meta property=\"og:image:height\" content=\"1024\" \/>\n\t<meta property=\"og:image:type\" content=\"image\/jpeg\" \/>\n<meta name=\"twitter:card\" content=\"summary_large_image\" \/>\n<meta name=\"twitter:label1\" content=\"Dur\u00e9e de lecture estim\u00e9e\" \/>\n\t<meta name=\"twitter:data1\" content=\"1 minute\" \/>\n<script type=\"application\/ld+json\" class=\"yoast-schema-graph\">{\"@context\":\"https:\/\/schema.org\",\"@graph\":[{\"@type\":\"WebPage\",\"@id\":\"https:\/\/pokesdecriee.com\/\",\"url\":\"https:\/\/pokesdecriee.com\/\",\"name\":\"Concert des Pokes de Cri\u00e9e le 21\/12\/2025 - Pokes de Cri\u00e9e\",\"isPartOf\":{\"@id\":\"https:\/\/pokesdecriee.com\/#website\"},\"primaryImageOfPage\":{\"@id\":\"https:\/\/pokesdecriee.com\/#primaryimage\"},\"image\":{\"@id\":\"https:\/\/pokesdecriee.com\/#primaryimage\"},\"thumbnailUrl\":\"https:\/\/pokesdecriee.com\/wp-content\/uploads\/2025\/12\/PokesdeCrieeAmzerZopochette-1024x1024.jpg\",\"datePublished\":\"2025-10-16T20:55:41+00:00\",\"dateModified\":\"2025-12-17T07:16:28+00:00\",\"breadcrumb\":{\"@id\":\"https:\/\/pokesdecriee.com\/#breadcrumb\"},\"inLanguage\":\"fr-FR\",\"potentialAction\":[{\"@type\":\"ReadAction\",\"target\":[\"https:\/\/pokesdecriee.com\/\"]}]},{\"@type\":\"ImageObject\",\"inLanguage\":\"fr-FR\",\"@id\":\"https:\/\/pokesdecriee.com\/#primaryimage\",\"url\":\"https:\/\/pokesdecriee.com\/wp-content\/uploads\/2025\/12\/PokesdeCrieeAmzerZopochette.jpg\",\"contentUrl\":\"https:\/\/pokesdecriee.com\/wp-content\/uploads\/2025\/12\/PokesdeCrieeAmzerZopochette.jpg\",\"width\":2500,\"height\":2500,\"caption\":\"Album Amzer zo des Pokes des Cri\u00e9e\"},{\"@type\":\"BreadcrumbList\",\"@id\":\"https:\/\/pokesdecriee.com\/#breadcrumb\",\"itemListElement\":[{\"@type\":\"ListItem\",\"position\":1,\"name\":\"Accueil\",\"item\":\"https:\/\/pokesdecriee.com\/\"},{\"@type\":\"ListItem\",\"position\":2,\"name\":\"Concert des Pokes de Cri\u00e9e le 21\/12\/2025\"}]},{\"@type\":\"WebSite\",\"@id\":\"https:\/\/pokesdecriee.com\/#website\",\"url\":\"https:\/\/pokesdecriee.com\/\",\"name\":\"Pokes de Cri\u00e9e\",\"description\":\"\",\"publisher\":{\"@id\":\"https:\/\/pokesdecriee.com\/#organization\"},\"potentialAction\":[{\"@type\":\"SearchAction\",\"target\":{\"@type\":\"EntryPoint\",\"urlTemplate\":\"https:\/\/pokesdecriee.com\/?s={search_term_string}\"},\"query-input\":{\"@type\":\"PropertyValueSpecification\",\"valueRequired\":true,\"valueName\":\"search_term_string\"}}],\"inLanguage\":\"fr-FR\"},{\"@type\":\"Organization\",\"@id\":\"https:\/\/pokesdecriee.com\/#organization\",\"name\":\"Pokes de Cri\u00e9e\",\"url\":\"https:\/\/pokesdecriee.com\/\",\"logo\":{\"@type\":\"ImageObject\",\"inLanguage\":\"fr-FR\",\"@id\":\"https:\/\/pokesdecriee.com\/#\/schema\/logo\/image\/\",\"url\":\"https:\/\/pokesdecriee.com\/wp-content\/uploads\/2025\/12\/cropped-Fishpokes-Ying-Yang2024.jpg\",\"contentUrl\":\"https:\/\/pokesdecriee.com\/wp-content\/uploads\/2025\/12\/cropped-Fishpokes-Ying-Yang2024.jpg\",\"width\":512,\"height\":512,\"caption\":\"Pokes de Cri\u00e9e\"},\"image\":{\"@id\":\"https:\/\/pokesdecriee.com\/#\/schema\/logo\/image\/\"},\"sameAs\":[\"https:\/\/www.facebook.com\/people\/POKES-DE-CRIEE\/100046184357962\/\"]}]}<\/script>\n<!-- \/ Yoast SEO plugin. -->","yoast_head_json":{"title":"Concert des Pokes de Cri\u00e9e le 21\/12\/2025 - Pokes de Cri\u00e9e","robots":{"index":"index","follow":"follow","max-snippet":"max-snippet:-1","max-image-preview":"max-image-preview:large","max-video-preview":"max-video-preview:-1"},"canonical":"https:\/\/pokesdecriee.com\/","og_locale":"fr_FR","og_type":"article","og_title":"Concert des Pokes de Cri\u00e9e le 21\/12\/2025 - Pokes de Cri\u00e9e","og_description":"Amzer Zo, le nouvel album des Pokes de Cri\u00e9e, sera f\u00eat\u00e9 en public le dimanche 21 d\u00e9cembre 2025 \u00e0 la salle de l&rsquo;amicale la\u00efque \u00e0 Lesconil (2, rue du Port), rendez-vous \u00e0 18 h ! Jauge limit\u00e9e \u00e0 350 personnes. Entr\u00e9e 5 \u20ac. Merci \u00e0 la ville de Plobannalec-Lesconil pour son soutien et \u00e0 l&rsquo;amicale [&hellip;]","og_url":"https:\/\/pokesdecriee.com\/","og_site_name":"Pokes de Cri\u00e9e","article_publisher":"https:\/\/www.facebook.com\/people\/POKES-DE-CRIEE\/100046184357962\/","article_modified_time":"2025-12-17T07:16:28+00:00","og_image":[{"width":1024,"height":1024,"url":"https:\/\/pokesdecriee.com\/wp-content\/uploads\/2025\/12\/PokesdeCrieeAmzerZopochette-1024x1024.jpg","type":"image\/jpeg"}],"twitter_card":"summary_large_image","twitter_misc":{"Dur\u00e9e de lecture estim\u00e9e":"1 minute"},"schema":{"@context":"https:\/\/schema.org","@graph":[{"@type":"WebPage","@id":"https:\/\/pokesdecriee.com\/","url":"https:\/\/pokesdecriee.com\/","name":"Concert des Pokes de Cri\u00e9e le 21\/12\/2025 - Pokes de Cri\u00e9e","isPartOf":{"@id":"https:\/\/pokesdecriee.com\/#website"},"primaryImageOfPage":{"@id":"https:\/\/pokesdecriee.com\/#primaryimage"},"image":{"@id":"https:\/\/pokesdecriee.com\/#primaryimage"},"thumbnailUrl":"https:\/\/pokesdecriee.com\/wp-content\/uploads\/2025\/12\/PokesdeCrieeAmzerZopochette-1024x1024.jpg","datePublished":"2025-10-16T20:55:41+00:00","dateModified":"2025-12-17T07:16:28+00:00","breadcrumb":{"@id":"https:\/\/pokesdecriee.com\/#breadcrumb"},"inLanguage":"fr-FR","potentialAction":[{"@type":"ReadAction","target":["https:\/\/pokesdecriee.com\/"]}]},{"@type":"ImageObject","inLanguage":"fr-FR","@id":"https:\/\/pokesdecriee.com\/#primaryimage","url":"https:\/\/pokesdecriee.com\/wp-content\/uploads\/2025\/12\/PokesdeCrieeAmzerZopochette.jpg","contentUrl":"https:\/\/pokesdecriee.com\/wp-content\/uploads\/2025\/12\/PokesdeCrieeAmzerZopochette.jpg","width":2500,"height":2500,"caption":"Album Amzer zo des Pokes des Cri\u00e9e"},{"@type":"BreadcrumbList","@id":"https:\/\/pokesdecriee.com\/#breadcrumb","itemListElement":[{"@type":"ListItem","position":1,"name":"Accueil","item":"https:\/\/pokesdecriee.com\/"},{"@type":"ListItem","position":2,"name":"Concert des Pokes de Cri\u00e9e le 21\/12\/2025"}]},{"@type":"WebSite","@id":"https:\/\/pokesdecriee.com\/#website","url":"https:\/\/pokesdecriee.com\/","name":"Pokes de Cri\u00e9e","description":"","publisher":{"@id":"https:\/\/pokesdecriee.com\/#organization"},"potentialAction":[{"@type":"SearchAction","target":{"@type":"EntryPoint","urlTemplate":"https:\/\/pokesdecriee.com\/?s={search_term_string}"},"query-input":{"@type":"PropertyValueSpecification","valueRequired":true,"valueName":"search_term_string"}}],"inLanguage":"fr-FR"},{"@type":"Organization","@id":"https:\/\/pokesdecriee.com\/#organization","name":"Pokes de Cri\u00e9e","url":"https:\/\/pokesdecriee.com\/","logo":{"@type":"ImageObject","inLanguage":"fr-FR","@id":"https:\/\/pokesdecriee.com\/#\/schema\/logo\/image\/","url":"https:\/\/pokesdecriee.com\/wp-content\/uploads\/2025\/12\/cropped-Fishpokes-Ying-Yang2024.jpg","contentUrl":"https:\/\/pokesdecriee.com\/wp-content\/uploads\/2025\/12\/cropped-Fishpokes-Ying-Yang2024.jpg","width":512,"height":512,"caption":"Pokes de Cri\u00e9e"},"image":{"@id":"https:\/\/pokesdecriee.com\/#\/schema\/logo\/image\/"},"sameAs":["https:\/\/www.facebook.com\/people\/POKES-DE-CRIEE\/100046184357962\/"]}]}},"_links":{"self":[{"href":"https:\/\/pokesdecriee.com\/index.php\/wp-json\/wp\/v2\/pages\/2","targetHints":{"allow":["GET"]}}],"collection":[{"href":"https:\/\/pokesdecriee.com\/index.php\/wp-json\/wp\/v2\/pages"}],"about":[{"href":"https:\/\/pokesdecriee.com\/index.php\/wp-json\/wp\/v2\/types\/page"}],"author":[{"embeddable":true,"href":"https:\/\/pokesdecriee.com\/index.php\/wp-json\/wp\/v2\/users\/1"}],"replies":[{"embeddable":true,"href":"https:\/\/pokesdecriee.com\/index.php\/wp-json\/wp\/v2\/comments?post=2"}],"version-history":[{"count":68,"href":"https:\/\/pokesdecriee.com\/index.php\/wp-json\/wp\/v2\/pages\/2\/revisions"}],"predecessor-version":[{"id":370,"href":"https:\/\/pokesdecriee.com\/index.php\/wp-json\/wp\/v2\/pages\/2\/revisions\/370"}],"wp:attachment":[{"href":"https:\/\/pokesdecriee.com\/index.php\/wp-json\/wp\/v2\/media?parent=2"}],"curies":[{"name":"wp","href":"https:\/\/api.w.org\/{rel}","templated":true}]}}